{"id":13571,"date":"2026-04-10T05:40:49","date_gmt":"2026-04-10T05:40:49","guid":{"rendered":"https:\/\/swiftcontent.shop\/?post_type=product&#038;p=13571"},"modified":"2026-04-10T05:48:45","modified_gmt":"2026-04-10T05:48:45","slug":"ventilador-de-techo-con-luz-led-36wdc30w-en-3-temperaturas-de-luz-con-mando-a-distancia-motor-dc-eficiente-y-silencioso-3-tonalidades-aspas-desplegables-retractiles-6-velocidades-control-remoto","status":"publish","type":"product","link":"https:\/\/swiftcontent.shop\/es\/producto\/ventilador-de-techo-con-luz-led-36wdc30w-en-3-temperaturas-de-luz-con-mando-a-distancia-motor-dc-eficiente-y-silencioso-3-tonalidades-aspas-desplegables-retractiles-6-velocidades-control-remoto\/","title":{"rendered":"Ventilador de techo con luz LED 36W+DC30W en 3 Temperaturas de Luz con Mando a Distancia -Motor DC Eficiente y Silencioso, 3 tonalidades, aspas desplegables retr\u00e1ctiles, 6 velocidades, control remoto, memoria, temporizador"},"content":{"rendered":"<div data-elementor-type=\"product-post\" data-elementor-id=\"13571\" class=\"elementor elementor-13571\" data-elementor-post-type=\"product\">\n\t\t\t\t<div class=\"elementor-element elementor-element-46cbc4f1 e-flex e-con-boxed e-con e-parent\" data-id=\"46cbc4f1\" data-element_type=\"container\" data-settings=\"{&quot;ekit_has_onepagescroll_dot&quot;:&quot;yes&quot;}\">\n\t\t\t\t\t<div class=\"e-con-inner\">\n\t\t<div class=\"elementor-element elementor-element-65f3a11d e-grid e-con-full e-con e-child\" data-id=\"65f3a11d\" data-element_type=\"container\" data-settings=\"{&quot;ekit_has_onepagescroll_dot&quot;:&quot;yes&quot;}\">\n\t\t\t\t<div class=\"elementor-element elementor-element-e71aa71 elementor-widget elementor-widget-video\" data-id=\"e71aa71\" data-element_type=\"widget\" data-settings=\"{&quot;video_type&quot;:&quot;hosted&quot;,&quot;controls&quot;:&quot;yes&quot;,&quot;ekit_we_effect_on&quot;:&quot;none&quot;}\" data-widget_type=\"video.default\">\n\t\t\t\t<div class=\"elementor-widget-container\">\n\t\t\t\t\t\t\t<div class=\"e-hosted-video elementor-wrapper elementor-open-inline\">\n\t\t\t\t\t<video class=\"elementor-video\" src=\"https:\/\/swiftcontent.shop\/wp-content\/uploads\/2026\/04\/video_2026-04-08_16-36-13.mp4\" controls=\"\" preload=\"metadata\" controlslist=\"nodownload\"><\/video>\n\t\t\t\t<\/div>\n\t\t\t\t\t\t<\/div>\n\t\t\t\t<\/div>\n\t\t\t\t<div class=\"elementor-element elementor-element-70e21f8 elementor-widget elementor-widget-text-editor\" data-id=\"70e21f8\" data-element_type=\"widget\" data-settings=\"{&quot;ekit_we_effect_on&quot;:&quot;none&quot;}\" data-widget_type=\"text-editor.default\">\n\t\t\t\t<div class=\"elementor-widget-container\">\n\t\t\t\t\t\t\t\t\t<div class=\"elementor-widget-container\">\n\t\t\t\t\t\t\t\t\t# Features &#038; Specs\n\n<div class=\"product-table\">\n  <div class=\"product-row\">\n    <div class=\"product-label\"><strong>Room Type<\/strong><\/div>\n    <div class=\"product-value\"><strong>Bedroom, Kitchen, Living Room<\/strong><\/div>\n  <\/div>\n  <div class=\"product-row\">\n    <div class=\"product-label\"><strong>Specific Uses For Product<\/strong><\/div>\n    <div class=\"product-value\"><strong>Home<\/strong><\/div>\n  <\/div>\n  <div class=\"product-row\">\n    <div class=\"product-label\"><strong>Indoor Outdoor Usage<\/strong><\/div>\n    <div class=\"product-value\"><strong>Indoor<\/strong><\/div>\n  <\/div>\n  <div class=\"product-row\">\n    <div class=\"product-label\"><strong>Power Source<\/strong><\/div>\n    <div class=\"product-value\"><strong>Corded Electric<\/strong><\/div>\n  <\/div>\n  <div class=\"product-row\">\n    <div class=\"product-label\"><strong>Other Special Features of the Product<\/strong><\/div>\n    <div class=\"product-value\"><strong>APP &#038; Remote Control, Dimmable, Quiet Reversible Motor, Retractable Blades<\/strong><\/div>\n  <\/div>\n  <div class=\"product-row\">\n    <div class=\"product-label\"><strong>Control Method<\/strong><\/div>\n    <div class=\"product-value\"><strong>Remote<\/strong><\/div>\n  <\/div>\n<\/div>\n\n<style>\n.product-table {\n  width: 100%;\n  border-top: 1px solid #000;\n  font-family: Arial, sans-serif;\n}\n\n.product-row {\n  display: flex;\n  border-bottom: 1px solid #000;\n  padding: 12px 0;\n}\n\n.product-label {\n  flex: 1;\n  font-weight: bold;\n  min-width: 200px;\n  padding-right: 20px;\n}\n\n.product-value {\n  flex: 1;\n  min-width: 200px;\n}\n<\/style>\n<\/div>\t\t\t\t\t\t\t\t<\/div>\n\t\t\t\t<\/div>\n\t\t\t\t<\/div>\n\t\t\t\t\t<\/div>\n\t\t\t\t<\/div>\n\t\t<div class=\"elementor-element elementor-element-549909f6 e-flex e-con-boxed e-con e-parent\" data-id=\"549909f6\" data-element_type=\"container\" data-settings=\"{&quot;ekit_has_onepagescroll_dot&quot;:&quot;yes&quot;}\">\n\t\t\t\t\t<div class=\"e-con-inner\">\n\t\t\t\t<div class=\"elementor-element elementor-element-5239da43 elementor-position-left elementor-vertical-align-middle elementor-widget elementor-widget-image-box\" data-id=\"5239da43\" data-element_type=\"widget\" data-settings=\"{&quot;ekit_we_effect_on&quot;:&quot;none&quot;}\" data-widget_type=\"image-box.default\">\n\t\t\t\t<div class=\"elementor-widget-container\">\n\t\t\t\t\t<div class=\"elementor-image-box-wrapper\"><figure class=\"elementor-image-box-img\"><img loading=\"lazy\" decoding=\"async\" width=\"970\" height=\"600\" src=\"https:\/\/swiftcontent.shop\/wp-content\/uploads\/2026\/04\/d836425e-1e4b-4093-b4a6-738d2a1020aa.__CR00970600_PT0_SX970_V1___.jpg\" class=\"attachment-full size-full wp-image-13581 wvs-archive-product-image\" alt=\"\" srcset=\"https:\/\/swiftcontent.shop\/wp-content\/uploads\/2026\/04\/d836425e-1e4b-4093-b4a6-738d2a1020aa.__CR00970600_PT0_SX970_V1___.jpg 970w, https:\/\/swiftcontent.shop\/wp-content\/uploads\/2026\/04\/d836425e-1e4b-4093-b4a6-738d2a1020aa.__CR00970600_PT0_SX970_V1___-300x186.jpg 300w, https:\/\/swiftcontent.shop\/wp-content\/uploads\/2026\/04\/d836425e-1e4b-4093-b4a6-738d2a1020aa.__CR00970600_PT0_SX970_V1___-768x475.jpg 768w, https:\/\/swiftcontent.shop\/wp-content\/uploads\/2026\/04\/d836425e-1e4b-4093-b4a6-738d2a1020aa.__CR00970600_PT0_SX970_V1___-18x12.jpg 18w, https:\/\/swiftcontent.shop\/wp-content\/uploads\/2026\/04\/d836425e-1e4b-4093-b4a6-738d2a1020aa.__CR00970600_PT0_SX970_V1___-600x371.jpg 600w, https:\/\/swiftcontent.shop\/wp-content\/uploads\/2026\/04\/d836425e-1e4b-4093-b4a6-738d2a1020aa.__CR00970600_PT0_SX970_V1___-1x1.jpg 1w, https:\/\/swiftcontent.shop\/wp-content\/uploads\/2026\/04\/d836425e-1e4b-4093-b4a6-738d2a1020aa.__CR00970600_PT0_SX970_V1___-10x6.jpg 10w\" sizes=\"auto, (max-width: 970px) 100vw, 970px\" \/><\/figure><div class=\"elementor-image-box-content\"><h3 class=\"elementor-image-box-title\">Funci\u00f3n reversible para invierno<\/h3><p class=\"elementor-image-box-description\">Invierte el giro de las aspas con solo pulsar un bot\u00f3n. En modo inverso, el ventilador empuja el aire caliente acumulado en el techo hacia abajo, mejorando la eficiencia de la calefacci\u00f3n y ahorrando hasta un 15% en facturas de invierno.<\/p><\/div><\/div>\t\t\t\t<\/div>\n\t\t\t\t<\/div>\n\t\t\t\t<div class=\"elementor-element elementor-element-2c6b55ba elementor-position-right elementor-vertical-align-middle elementor-widget elementor-widget-image-box\" data-id=\"2c6b55ba\" data-element_type=\"widget\" data-settings=\"{&quot;ekit_we_effect_on&quot;:&quot;none&quot;}\" data-widget_type=\"image-box.default\">\n\t\t\t\t<div class=\"elementor-widget-container\">\n\t\t\t\t\t<div class=\"elementor-image-box-wrapper\"><figure class=\"elementor-image-box-img\"><img loading=\"lazy\" decoding=\"async\" width=\"970\" height=\"600\" src=\"https:\/\/swiftcontent.shop\/wp-content\/uploads\/2026\/04\/e819e18b-20ef-4792-bd4d-584c96d8ac26.__CR00970600_PT0_SX970_V1___.jpg\" class=\"attachment-full size-full wp-image-13582 wvs-archive-product-image\" alt=\"\" srcset=\"https:\/\/swiftcontent.shop\/wp-content\/uploads\/2026\/04\/e819e18b-20ef-4792-bd4d-584c96d8ac26.__CR00970600_PT0_SX970_V1___.jpg 970w, https:\/\/swiftcontent.shop\/wp-content\/uploads\/2026\/04\/e819e18b-20ef-4792-bd4d-584c96d8ac26.__CR00970600_PT0_SX970_V1___-300x186.jpg 300w, https:\/\/swiftcontent.shop\/wp-content\/uploads\/2026\/04\/e819e18b-20ef-4792-bd4d-584c96d8ac26.__CR00970600_PT0_SX970_V1___-768x475.jpg 768w, https:\/\/swiftcontent.shop\/wp-content\/uploads\/2026\/04\/e819e18b-20ef-4792-bd4d-584c96d8ac26.__CR00970600_PT0_SX970_V1___-18x12.jpg 18w, https:\/\/swiftcontent.shop\/wp-content\/uploads\/2026\/04\/e819e18b-20ef-4792-bd4d-584c96d8ac26.__CR00970600_PT0_SX970_V1___-600x371.jpg 600w, https:\/\/swiftcontent.shop\/wp-content\/uploads\/2026\/04\/e819e18b-20ef-4792-bd4d-584c96d8ac26.__CR00970600_PT0_SX970_V1___-1x1.jpg 1w, https:\/\/swiftcontent.shop\/wp-content\/uploads\/2026\/04\/e819e18b-20ef-4792-bd4d-584c96d8ac26.__CR00970600_PT0_SX970_V1___-10x6.jpg 10w\" sizes=\"auto, (max-width: 970px) 100vw, 970px\" \/><\/figure><div class=\"elementor-image-box-content\"><h3 class=\"elementor-image-box-title\">F\u00e1cil instalaci\u00f3n y mantenimiento<\/h3><p class=\"elementor-image-box-description\">El sistema de montaje es sencillo con los soportes incluidos. Las aspas se limpian f\u00e1cilmente con un pa\u00f1o h\u00famedo, y el difusor de luz es desmontable para acceder al LED (no requiere cambio de bombillas, ya que el LED est\u00e1 integrado y dura m\u00e1s de 30.000 horas).<\/p><\/div><\/div>\t\t\t\t<\/div>\n\t\t\t\t<\/div>\n\t\t\t\t<div class=\"elementor-element elementor-element-7e717de2 elementor-position-left elementor-vertical-align-middle elementor-widget elementor-widget-image-box\" data-id=\"7e717de2\" data-element_type=\"widget\" data-settings=\"{&quot;ekit_we_effect_on&quot;:&quot;none&quot;}\" data-widget_type=\"image-box.default\">\n\t\t\t\t<div class=\"elementor-widget-container\">\n\t\t\t\t\t<div class=\"elementor-image-box-wrapper\"><figure class=\"elementor-image-box-img\"><img loading=\"lazy\" decoding=\"async\" width=\"970\" height=\"600\" src=\"https:\/\/swiftcontent.shop\/wp-content\/uploads\/2026\/04\/a3e50128-6203-47c6-b80f-e935dd92aaf3.__CR00970600_PT0_SX970_V1___.jpg\" class=\"attachment-full size-full wp-image-13583 wvs-archive-product-image\" alt=\"\" srcset=\"https:\/\/swiftcontent.shop\/wp-content\/uploads\/2026\/04\/a3e50128-6203-47c6-b80f-e935dd92aaf3.__CR00970600_PT0_SX970_V1___.jpg 970w, https:\/\/swiftcontent.shop\/wp-content\/uploads\/2026\/04\/a3e50128-6203-47c6-b80f-e935dd92aaf3.__CR00970600_PT0_SX970_V1___-300x186.jpg 300w, https:\/\/swiftcontent.shop\/wp-content\/uploads\/2026\/04\/a3e50128-6203-47c6-b80f-e935dd92aaf3.__CR00970600_PT0_SX970_V1___-768x475.jpg 768w, https:\/\/swiftcontent.shop\/wp-content\/uploads\/2026\/04\/a3e50128-6203-47c6-b80f-e935dd92aaf3.__CR00970600_PT0_SX970_V1___-18x12.jpg 18w, https:\/\/swiftcontent.shop\/wp-content\/uploads\/2026\/04\/a3e50128-6203-47c6-b80f-e935dd92aaf3.__CR00970600_PT0_SX970_V1___-600x371.jpg 600w, https:\/\/swiftcontent.shop\/wp-content\/uploads\/2026\/04\/a3e50128-6203-47c6-b80f-e935dd92aaf3.__CR00970600_PT0_SX970_V1___-1x1.jpg 1w, https:\/\/swiftcontent.shop\/wp-content\/uploads\/2026\/04\/a3e50128-6203-47c6-b80f-e935dd92aaf3.__CR00970600_PT0_SX970_V1___-10x6.jpg 10w\" sizes=\"auto, (max-width: 970px) 100vw, 970px\" \/><\/figure><div class=\"elementor-image-box-content\"><h3 class=\"elementor-image-box-title\">F\u00e1cil instalaci\u00f3n y mantenimiento<\/h3><p class=\"elementor-image-box-description\">El sistema de montaje es sencillo con los soportes incluidos. Las aspas se limpian f\u00e1cilmente con un pa\u00f1o h\u00famedo, y el difusor de luz es desmontable para acceder al LED (no requiere cambio de bombillas, ya que el LED est\u00e1 integrado y dura m\u00e1s de 30.000 horas).<\/p><\/div><\/div>\t\t\t\t<\/div>\n\t\t\t\t<\/div>\n\t\t\t\t\t<\/div>\n\t\t\t\t<\/div>\n\t\t<div class=\"elementor-element elementor-element-2393aad2 e-flex e-con-boxed e-con e-parent\" data-id=\"2393aad2\" data-element_type=\"container\" data-settings=\"{&quot;ekit_has_onepagescroll_dot&quot;:&quot;yes&quot;}\">\n\t\t\t\t\t<div class=\"e-con-inner\">\n\t\t\t\t<div class=\"elementor-element elementor-element-24d71cc9 elementor-widget elementor-widget-image\" data-id=\"24d71cc9\" data-element_type=\"widget\" data-settings=\"{&quot;ekit_we_effect_on&quot;:&quot;none&quot;}\" data-widget_type=\"image.default\">\n\t\t\t\t<div class=\"elementor-widget-container\">\n\t\t\t\t\t\t\t\t\t\t\t\t\t\t\t<img loading=\"lazy\" decoding=\"async\" width=\"970\" height=\"600\" src=\"https:\/\/swiftcontent.shop\/wp-content\/uploads\/2026\/04\/1-11.jpg\" class=\"attachment-full size-full wp-image-13584 wvs-archive-product-image\" alt=\"\" srcset=\"https:\/\/swiftcontent.shop\/wp-content\/uploads\/2026\/04\/1-11.jpg 970w, https:\/\/swiftcontent.shop\/wp-content\/uploads\/2026\/04\/1-11-300x186.jpg 300w, https:\/\/swiftcontent.shop\/wp-content\/uploads\/2026\/04\/1-11-768x475.jpg 768w, https:\/\/swiftcontent.shop\/wp-content\/uploads\/2026\/04\/1-11-18x12.jpg 18w, https:\/\/swiftcontent.shop\/wp-content\/uploads\/2026\/04\/1-11-600x371.jpg 600w, https:\/\/swiftcontent.shop\/wp-content\/uploads\/2026\/04\/1-11-1x1.jpg 1w, https:\/\/swiftcontent.shop\/wp-content\/uploads\/2026\/04\/1-11-10x6.jpg 10w\" sizes=\"auto, (max-width: 970px) 100vw, 970px\" \/>\t\t\t\t\t\t\t\t\t\t\t\t\t\t\t<\/div>\n\t\t\t\t<\/div>\n\t\t\t\t<div class=\"elementor-element elementor-element-3016ac05 elementor-widget elementor-widget-heading\" data-id=\"3016ac05\" data-element_type=\"widget\" data-settings=\"{&quot;ekit_we_effect_on&quot;:&quot;none&quot;}\" data-widget_type=\"heading.default\">\n\t\t\t\t<div class=\"elementor-widget-container\">\n\t\t\t\t\t<h2 class=\"elementor-heading-title elementor-size-default\">Dise\u00f1o de bajo perfil (flush mount)<\/h2>\t\t\t\t<\/div>\n\t\t\t\t<\/div>\n\t\t\t\t<div class=\"elementor-element elementor-element-3a51fab0 elementor-widget elementor-widget-text-editor\" data-id=\"3a51fab0\" data-element_type=\"widget\" data-settings=\"{&quot;ekit_we_effect_on&quot;:&quot;none&quot;}\" data-widget_type=\"text-editor.default\">\n\t\t\t\t<div class=\"elementor-widget-container\">\n\t\t\t\t\t\t\t\t\t<p>El ventilador se instala pegado al techo, sin varilla visible. Es ideal para techos bajos (menos de 2,5 m de altura), ya que no cuelga ni reduce la sensaci\u00f3n de amplitud. Disponible en\u00a0<strong>color blanco o negro mate<\/strong>.<\/p>\t\t\t\t\t\t\t\t<\/div>\n\t\t\t\t<\/div>\n\t\t\t\t<div class=\"elementor-element elementor-element-341e0e23 elementor-widget elementor-widget-image\" data-id=\"341e0e23\" data-element_type=\"widget\" data-settings=\"{&quot;ekit_we_effect_on&quot;:&quot;none&quot;}\" data-widget_type=\"image.default\">\n\t\t\t\t<div class=\"elementor-widget-container\">\n\t\t\t\t\t\t\t\t\t\t\t\t\t\t\t<img loading=\"lazy\" decoding=\"async\" width=\"970\" height=\"600\" src=\"https:\/\/swiftcontent.shop\/wp-content\/uploads\/2026\/04\/2-3.jpg\" class=\"attachment-full size-full wp-image-13585 wvs-archive-product-image\" alt=\"\" srcset=\"https:\/\/swiftcontent.shop\/wp-content\/uploads\/2026\/04\/2-3.jpg 970w, https:\/\/swiftcontent.shop\/wp-content\/uploads\/2026\/04\/2-3-300x186.jpg 300w, https:\/\/swiftcontent.shop\/wp-content\/uploads\/2026\/04\/2-3-768x475.jpg 768w, https:\/\/swiftcontent.shop\/wp-content\/uploads\/2026\/04\/2-3-18x12.jpg 18w, https:\/\/swiftcontent.shop\/wp-content\/uploads\/2026\/04\/2-3-600x371.jpg 600w, https:\/\/swiftcontent.shop\/wp-content\/uploads\/2026\/04\/2-3-1x1.jpg 1w, https:\/\/swiftcontent.shop\/wp-content\/uploads\/2026\/04\/2-3-10x6.jpg 10w\" sizes=\"auto, (max-width: 970px) 100vw, 970px\" \/>\t\t\t\t\t\t\t\t\t\t\t\t\t\t\t<\/div>\n\t\t\t\t<\/div>\n\t\t\t\t<div class=\"elementor-element elementor-element-716833f2 elementor-widget elementor-widget-heading\" data-id=\"716833f2\" data-element_type=\"widget\" data-settings=\"{&quot;ekit_we_effect_on&quot;:&quot;none&quot;}\" data-widget_type=\"heading.default\">\n\t\t\t\t<div class=\"elementor-widget-container\">\n\t\t\t\t\t<h2 class=\"elementor-heading-title elementor-size-default\">Vers\u00e1til para m\u00faltiples espacios<\/h2>\t\t\t\t<\/div>\n\t\t\t\t<\/div>\n\t\t\t\t<div class=\"elementor-element elementor-element-4db16b65 elementor-widget elementor-widget-text-editor\" data-id=\"4db16b65\" data-element_type=\"widget\" data-settings=\"{&quot;ekit_we_effect_on&quot;:&quot;none&quot;}\" data-widget_type=\"text-editor.default\">\n\t\t\t\t<div class=\"elementor-widget-container\">\n\t\t\t\t\t\t\t\t\t<p class=\"ds-markdown-paragraph\">Perfecto para:<\/p><ul><li><p class=\"ds-markdown-paragraph\"><strong>Salones<\/strong>\u00a0de 15\u201325 m\u00b2<\/p><\/li><li><p class=\"ds-markdown-paragraph\"><strong>Dormitorios<\/strong>\u00a0principales o juveniles<\/p><\/li><li><p class=\"ds-markdown-paragraph\"><strong>Cocinas abiertas<\/strong>\u00a0y comedores<\/p><\/li><li><p class=\"ds-markdown-paragraph\"><strong>Oficinas en casa<\/strong>\u00a0y despachos<\/p><\/li><\/ul>\t\t\t\t\t\t\t\t<\/div>\n\t\t\t\t<\/div>\n\t\t\t\t\t<\/div>\n\t\t\t\t<\/div>\n\t\t\t\t<\/div>","protected":false},"excerpt":{"rendered":"<h1 class=\"a-size-base-plus a-text-bold\">Acerca de este art\u00edculo<\/h1>\n<ul class=\"a-unordered-list a-vertical a-spacing-mini\">\n<li class=\"a-spacing-mini\"><span class=\"a-list-item\">Premium Retractable Ceiling fan: This led ceiling fan comes with 4 invisible acrylic blades, which can automatically retract when fan off to save your room space(Diameter 42\u2019\u2019 when extended and 20\u2019\u2019 retracted), ideal for living room, bedroom, dining room, office, villa, shops, etc.. Room Application: 10ft.x10ft. to 14ft.x14ft. 2 downrods(4&#8243; and 8&#8243;) and flat\/sloped mounted(Up to 30 degrees) can be installed according to your need.<\/span><\/li>\n<\/ul>","protected":false},"featured_media":13572,"comment_status":"open","ping_status":"closed","template":"","meta":{"_acf_changed":false},"etheme_brands":[],"product_brand":[],"product_cat":[118],"product_tag":[],"class_list":{"0":"post-13571","1":"product","2":"type-product","3":"status-publish","4":"has-post-thumbnail","6":"product_cat-sale-shop","8":"first","9":"instock","10":"sale","11":"shipping-taxable","12":"purchasable","13":"product-type-simple"},"acf":[],"_links":{"self":[{"href":"https:\/\/swiftcontent.shop\/es\/wp-json\/wp\/v2\/product\/13571","targetHints":{"allow":["GET"]}}],"collection":[{"href":"https:\/\/swiftcontent.shop\/es\/wp-json\/wp\/v2\/product"}],"about":[{"href":"https:\/\/swiftcontent.shop\/es\/wp-json\/wp\/v2\/types\/product"}],"replies":[{"embeddable":true,"href":"https:\/\/swiftcontent.shop\/es\/wp-json\/wp\/v2\/comments?post=13571"}],"version-history":[{"count":4,"href":"https:\/\/swiftcontent.shop\/es\/wp-json\/wp\/v2\/product\/13571\/revisions"}],"predecessor-version":[{"id":13593,"href":"https:\/\/swiftcontent.shop\/es\/wp-json\/wp\/v2\/product\/13571\/revisions\/13593"}],"wp:featuredmedia":[{"embeddable":true,"href":"https:\/\/swiftcontent.shop\/es\/wp-json\/wp\/v2\/media\/13572"}],"wp:attachment":[{"href":"https:\/\/swiftcontent.shop\/es\/wp-json\/wp\/v2\/media?parent=13571"}],"wp:term":[{"taxonomy":"brand","embeddable":true,"href":"https:\/\/swiftcontent.shop\/es\/wp-json\/wp\/v2\/etheme_brands?post=13571"},{"taxonomy":"product_brand","embeddable":true,"href":"https:\/\/swiftcontent.shop\/es\/wp-json\/wp\/v2\/product_brand?post=13571"},{"taxonomy":"product_cat","embeddable":true,"href":"https:\/\/swiftcontent.shop\/es\/wp-json\/wp\/v2\/product_cat?post=13571"},{"taxonomy":"product_tag","embeddable":true,"href":"https:\/\/swiftcontent.shop\/es\/wp-json\/wp\/v2\/product_tag?post=13571"}],"curies":[{"name":"wp","href":"https:\/\/api.w.org\/{rel}","templated":true}]}}